{"id":20,"date":"2024-06-19T09:47:57","date_gmt":"2024-06-19T12:47:57","guid":{"rendered":"https:\/\/106fm.com.br\/site\/?page_id=20"},"modified":"2025-04-21T15:19:23","modified_gmt":"2025-04-21T18:19:23","slug":"sobre-nos","status":"publish","type":"page","link":"https:\/\/106fm.com.br\/site\/sobre-nos\/","title":{"rendered":"Sobre N\u00f3s"},"content":{"rendered":"\t\t<div data-elementor-type=\"wp-page\" data-elementor-id=\"20\" class=\"elementor elementor-20\" data-elementor-post-type=\"page\">\n\t\t\t\t<div class=\"elementor-element elementor-element-5f78cfe e-flex e-con-boxed e-con e-parent\" data-id=\"5f78cfe\" data-element_type=\"container\" data-settings=\"{&quot;background_background&quot;:&quot;classic&quot;}\">\n\t\t\t\t\t<div class=\"e-con-inner\">\n\t\t\t\t<div class=\"elementor-element elementor-element-2384a80 elementor-widget elementor-widget-heading\" data-id=\"2384a80\" data-element_type=\"widget\" data-widget_type=\"heading.default\">\n\t\t\t\t<div class=\"elementor-widget-container\">\n\t\t\t<h1 class=\"elementor-heading-title elementor-size-default\">Sobre N\u00f3s<\/h1>\t\t<\/div>\n\t\t\t\t<\/div>\n\t\t\t\t\t<\/div>\n\t\t\t\t<\/div>\n\t\t<div class=\"elementor-element elementor-element-1adbff1 e-flex e-con-boxed e-con e-parent\" data-id=\"1adbff1\" data-element_type=\"container\">\n\t\t\t\t\t<div class=\"e-con-inner\">\n\t\t\t\t<div class=\"elementor-element elementor-element-a545348 elementor-widget elementor-widget-image\" data-id=\"a545348\" data-element_type=\"widget\" data-widget_type=\"image.default\">\n\t\t\t\t<div class=\"elementor-widget-container\">\n\t\t\t\t\t\t\t\t\t\t\t\t\t<img fetchpriority=\"high\" decoding=\"async\" width=\"1536\" height=\"1152\" src=\"https:\/\/106fm.com.br\/site\/wp-content\/uploads\/2024\/07\/WhatsApp-Image-2024-07-12-at-09.28.04-3-1536x1152.jpeg\" class=\"attachment-1536x1536 size-1536x1536 wp-image-943\" alt=\"\" srcset=\"https:\/\/106fm.com.br\/site\/wp-content\/uploads\/2024\/07\/WhatsApp-Image-2024-07-12-at-09.28.04-3-1536x1152.jpeg 1536w, https:\/\/106fm.com.br\/site\/wp-content\/uploads\/2024\/07\/WhatsApp-Image-2024-07-12-at-09.28.04-3-300x225.jpeg 300w, https:\/\/106fm.com.br\/site\/wp-content\/uploads\/2024\/07\/WhatsApp-Image-2024-07-12-at-09.28.04-3-1024x768.jpeg 1024w, https:\/\/106fm.com.br\/site\/wp-content\/uploads\/2024\/07\/WhatsApp-Image-2024-07-12-at-09.28.04-3-768x576.jpeg 768w, https:\/\/106fm.com.br\/site\/wp-content\/uploads\/2024\/07\/WhatsApp-Image-2024-07-12-at-09.28.04-3.jpeg 1600w\" sizes=\"(max-width: 1536px) 100vw, 1536px\" \/>\t\t\t\t\t\t\t\t\t\t\t\t\t<\/div>\n\t\t\t\t<\/div>\n\t\t\t\t<div class=\"elementor-element elementor-element-59376a2 elementor-widget elementor-widget-heading\" data-id=\"59376a2\" data-element_type=\"widget\" data-widget_type=\"heading.default\">\n\t\t\t\t<div class=\"elementor-widget-container\">\n\t\t\t<h2 class=\"elementor-heading-title elementor-size-default\">Nossa Hist\u00f3ria<\/h2>\t\t<\/div>\n\t\t\t\t<\/div>\n\t\t\t\t<div class=\"elementor-element elementor-element-40483cc elementor-widget elementor-widget-text-editor\" data-id=\"40483cc\" data-element_type=\"widget\" data-widget_type=\"text-editor.default\">\n\t\t\t\t<div class=\"elementor-widget-container\">\n\t\t\t\t\t\t\t<p style=\"text-align: justify;\">No dia 27 de julho de 2003, iniciou-se a trajet\u00f3ria da R\u00e1dio 106 na comunica\u00e7\u00e3o seridoense. A primeira voz a ecoar nos testes foi a do locutor Dando Sales, um momento hist\u00f3rico que simbolizou o nascimento de um sonho. Desde ent\u00e3o, a 106 FM tem feito hist\u00f3ria em uma jornada dedicada a ser refer\u00eancia em informa\u00e7\u00e3o, credibilidade e entretenimento de qualidade. Sobre n\u00f3s, a R\u00e1dio 106 sempre buscou inovar e se adaptar \u00e0s mudan\u00e7as do tempo, mantendo um compromisso constante com seus ouvintes.<\/p>\t\t\t\t\t\t<\/div>\n\t\t\t\t<\/div>\n\t\t\t\t<div class=\"elementor-element elementor-element-f2e7121 elementor-widget elementor-widget-heading\" data-id=\"f2e7121\" data-element_type=\"widget\" data-widget_type=\"heading.default\">\n\t\t\t\t<div class=\"elementor-widget-container\">\n\t\t\t<h2 class=\"elementor-heading-title elementor-size-default\">Nossa Miss\u00e3o<\/h2>\t\t<\/div>\n\t\t\t\t<\/div>\n\t\t\t\t<div class=\"elementor-element elementor-element-0732969 elementor-widget elementor-widget-text-editor\" data-id=\"0732969\" data-element_type=\"widget\" data-widget_type=\"text-editor.default\">\n\t\t\t\t<div class=\"elementor-widget-container\">\n\t\t\t\t\t\t\t<p style=\"text-align: justify;\">Localizada em Caic\u00f3, na Rua Dr. Gerson Alves Feitosa, n\u00famero 100, nossa r\u00e1dio foi fundada com o objetivo de transformar a forma de comunica\u00e7\u00e3o atrav\u00e9s da r\u00e1dio. A iniciativa partiu do ent\u00e3o Deputado Estadual, que, com o apoio da comunidade, transformou a R\u00e1dio Solidariedade em um ponto de encontro para todos. Desde sua funda\u00e7\u00e3o, a R\u00e1dio 106 tem sido um marco na comunidade, atuando n\u00e3o apenas como um meio de comunica\u00e7\u00e3o, mas tamb\u00e9m como um elo entre as pessoas, promovendo a cultura local e oferecendo uma plataforma para a express\u00e3o comunit\u00e1ria.<\/p>\t\t\t\t\t\t<\/div>\n\t\t\t\t<\/div>\n\t\t\t\t<div class=\"elementor-element elementor-element-84d2b81 elementor-widget-divider--view-line elementor-widget elementor-widget-divider\" data-id=\"84d2b81\" data-element_type=\"widget\" data-widget_type=\"divider.default\">\n\t\t\t\t<div class=\"elementor-widget-container\">\n\t\t\t\t\t<div class=\"elementor-divider\">\n\t\t\t<span class=\"elementor-divider-separator\">\n\t\t\t\t\t\t<\/span>\n\t\t<\/div>\n\t\t\t\t<\/div>\n\t\t\t\t<\/div>\n\t\t\t\t<div class=\"elementor-element elementor-element-07fac55 elementor-widget elementor-widget-heading\" data-id=\"07fac55\" data-element_type=\"widget\" data-widget_type=\"heading.default\">\n\t\t\t\t<div class=\"elementor-widget-container\">\n\t\t\t<h2 class=\"elementor-heading-title elementor-size-default\">Sobre N\u00f3s<\/h2>\t\t<\/div>\n\t\t\t\t<\/div>\n\t\t\t\t<div class=\"elementor-element elementor-element-79241aa elementor-widget elementor-widget-text-editor\" data-id=\"79241aa\" data-element_type=\"widget\" data-widget_type=\"text-editor.default\">\n\t\t\t\t<div class=\"elementor-widget-container\">\n\t\t\t\t\t\t\t<p style=\"text-align: justify;\">Oferecemos uma programa\u00e7\u00e3o variada que inclui m\u00fasicas, not\u00edcias, entrevistas e muito mais, sempre buscando agradar a todos os gostos. Nossa sele\u00e7\u00e3o musical \u00e9 cuidadosamente curada para atender a uma ampla gama de prefer\u00eancias, desde os cl\u00e1ssicos at\u00e9 os lan\u00e7amentos mais recentes. Al\u00e9m disso, mantemos nossos ouvintes informados com boletins de not\u00edcias atualizados, cobrindo eventos locais, nacionais e internacionais. As entrevistas com figuras importantes da comunidade e al\u00e9m s\u00e3o um destaque em nossa programa\u00e7\u00e3o, proporcionando insights valiosos e promovendo di\u00e1logos significativos.<\/p><p style=\"text-align: justify;\">Mantemos uma forte conex\u00e3o com nossos ouvintes atrav\u00e9s da promo\u00e7\u00e3o de eventos, campanhas e incentivando sua participa\u00e7\u00e3o ativa, criando assim uma comunidade vibrante e interativa. Nossos eventos incluem shows, festivais, feiras e outras atividades que n\u00e3o apenas entret\u00eam, mas tamb\u00e9m fortalecem o senso de comunidade. As campanhas de conscientiza\u00e7\u00e3o sobre temas importantes, como sa\u00fade, educa\u00e7\u00e3o e meio ambiente, refletem nosso compromisso em contribuir positivamente para a sociedade.<\/p><p style=\"text-align: justify;\">Nosso compromisso \u00e9 fornecer conte\u00fado de alta qualidade com credibilidade e veracidade, garantindo uma experi\u00eancia enriquecedora para todos. A R\u00e1dio 106 \u00e9 mais do que uma esta\u00e7\u00e3o de r\u00e1dio, \u00e9 uma comunidade de pessoas unidas pelo amor \u00e0 boa m\u00fasica, \u00e0 informa\u00e7\u00e3o precisa e ao entretenimento de qualidade. Sintonize com a gente e acompanhe nossa programa\u00e7\u00e3o para ficar por dentro de tudo na 106!<\/p>\t\t\t\t\t\t<\/div>\n\t\t\t\t<\/div>\n\t\t\t\t<div class=\"elementor-element elementor-element-9fb6a56 elementor-mobile-align-justify elementor-widget elementor-widget-button\" data-id=\"9fb6a56\" data-element_type=\"widget\" data-widget_type=\"button.default\">\n\t\t\t\t<div class=\"elementor-widget-container\">\n\t\t\t\t\t<div class=\"elementor-button-wrapper\">\n\t\t\t<a class=\"elementor-button elementor-button-link elementor-size-sm\" href=\"https:\/\/106fm.com.br\/site\/programacao\/\">\n\t\t\t\t\t\t<span class=\"elementor-button-content-wrapper\">\n\t\t\t\t\t\t\t\t\t<span class=\"elementor-button-text\">Veja nossa programa\u00e7\u00e3o!<\/span>\n\t\t\t\t\t<\/span>\n\t\t\t\t\t<\/a>\n\t\t<\/div>\n\t\t\t\t<\/div>\n\t\t\t\t<\/div>\n\t\t\t\t\t<\/div>\n\t\t\t\t<\/div>\n\t\t\t\t<\/div>\n\t\t","protected":false},"excerpt":{"rendered":"<p>Sobre N\u00f3s Nossa Hist\u00f3ria No dia 27 de julho de 2003, iniciou-se a trajet\u00f3ria da R\u00e1dio 106 na comunica\u00e7\u00e3o seridoense. A primeira voz a ecoar nos testes foi a do locutor Dando Sales, um momento hist\u00f3rico que simbolizou o nascimento de um sonho. Desde ent\u00e3o, a 106 FM tem feito hist\u00f3ria em uma jornada dedicada [&hellip;]<\/p>\n","protected":false},"author":1,"featured_media":0,"parent":0,"menu_order":0,"comment_status":"closed","ping_status":"closed","template":"","meta":{"inline_featured_image":false,"footnotes":""},"class_list":["post-20","page","type-page","status-publish","hentry"],"yoast_head":"<!-- This site is optimized with the Yoast SEO plugin v23.0 - https:\/\/yoast.com\/wordpress\/plugins\/seo\/ -->\n<title>Sobre N\u00f3s - 106 FM<\/title>\n<meta name=\"robots\" content=\"index, follow, max-snippet:-1, max-image-preview:large, max-video-preview:-1\" \/>\n<link rel=\"canonical\" href=\"https:\/\/106fm.com.br\/site\/sobre-nos\/\" \/>\n<meta property=\"og:locale\" content=\"pt_BR\" \/>\n<meta property=\"og:type\" content=\"article\" \/>\n<meta property=\"og:title\" content=\"Sobre N\u00f3s - 106 FM\" \/>\n<meta property=\"og:description\" content=\"Sobre N\u00f3s Nossa Hist\u00f3ria No dia 27 de julho de 2003, iniciou-se a trajet\u00f3ria da R\u00e1dio 106 na comunica\u00e7\u00e3o seridoense. A primeira voz a ecoar nos testes foi a do locutor Dando Sales, um momento hist\u00f3rico que simbolizou o nascimento de um sonho. Desde ent\u00e3o, a 106 FM tem feito hist\u00f3ria em uma jornada dedicada [&hellip;]\" \/>\n<meta property=\"og:url\" content=\"https:\/\/106fm.com.br\/site\/sobre-nos\/\" \/>\n<meta property=\"og:site_name\" content=\"106 FM\" \/>\n<meta property=\"article:publisher\" content=\"https:\/\/www.facebook.com\/106fmcaico\" \/>\n<meta property=\"article:modified_time\" content=\"2025-04-21T18:19:23+00:00\" \/>\n<meta property=\"og:image\" content=\"https:\/\/106fm.com.br\/site\/wp-content\/uploads\/2024\/07\/WhatsApp-Image-2024-07-12-at-09.28.04-3-1536x1152.jpeg\" \/>\n<meta name=\"twitter:card\" content=\"summary_large_image\" \/>\n<meta name=\"twitter:label1\" content=\"Est. tempo de leitura\" \/>\n\t<meta name=\"twitter:data1\" content=\"3 minutos\" \/>\n<script type=\"application\/ld+json\" class=\"yoast-schema-graph\">{\"@context\":\"https:\/\/schema.org\",\"@graph\":[{\"@type\":\"WebPage\",\"@id\":\"https:\/\/106fm.com.br\/site\/sobre-nos\/\",\"url\":\"https:\/\/106fm.com.br\/site\/sobre-nos\/\",\"name\":\"Sobre N\u00f3s - 106 FM\",\"isPartOf\":{\"@id\":\"https:\/\/106fm.com.br\/site\/#website\"},\"primaryImageOfPage\":{\"@id\":\"https:\/\/106fm.com.br\/site\/sobre-nos\/#primaryimage\"},\"image\":{\"@id\":\"https:\/\/106fm.com.br\/site\/sobre-nos\/#primaryimage\"},\"thumbnailUrl\":\"https:\/\/106fm.com.br\/site\/wp-content\/uploads\/2024\/07\/WhatsApp-Image-2024-07-12-at-09.28.04-3-1536x1152.jpeg\",\"datePublished\":\"2024-06-19T12:47:57+00:00\",\"dateModified\":\"2025-04-21T18:19:23+00:00\",\"breadcrumb\":{\"@id\":\"https:\/\/106fm.com.br\/site\/sobre-nos\/#breadcrumb\"},\"inLanguage\":\"pt-BR\",\"potentialAction\":[{\"@type\":\"ReadAction\",\"target\":[\"https:\/\/106fm.com.br\/site\/sobre-nos\/\"]}]},{\"@type\":\"ImageObject\",\"inLanguage\":\"pt-BR\",\"@id\":\"https:\/\/106fm.com.br\/site\/sobre-nos\/#primaryimage\",\"url\":\"https:\/\/106fm.com.br\/site\/wp-content\/uploads\/2024\/07\/WhatsApp-Image-2024-07-12-at-09.28.04-3.jpeg\",\"contentUrl\":\"https:\/\/106fm.com.br\/site\/wp-content\/uploads\/2024\/07\/WhatsApp-Image-2024-07-12-at-09.28.04-3.jpeg\",\"width\":1600,\"height\":1200},{\"@type\":\"BreadcrumbList\",\"@id\":\"https:\/\/106fm.com.br\/site\/sobre-nos\/#breadcrumb\",\"itemListElement\":[{\"@type\":\"ListItem\",\"position\":1,\"name\":\"In\u00edcio\",\"item\":\"https:\/\/106fm.com.br\/site\/\"},{\"@type\":\"ListItem\",\"position\":2,\"name\":\"Sobre N\u00f3s\"}]},{\"@type\":\"WebSite\",\"@id\":\"https:\/\/106fm.com.br\/site\/#website\",\"url\":\"https:\/\/106fm.com.br\/site\/\",\"name\":\"106 FM\",\"description\":\"A 106FM \u00e9 a voz do Serid\u00f3 desde 2003, oferecendo uma programa\u00e7\u00e3o diversificada de m\u00fasicas, not\u00edcias e entrevistas. Localizada em Citco-Ra, a r\u00e1dio promove eventos e campanhas, conectando a comunidade com credibilidade e entretenimento de qualidade. Sintonize para uma experi\u00eancia enriquecedora!\",\"publisher\":{\"@id\":\"https:\/\/106fm.com.br\/site\/#organization\"},\"potentialAction\":[{\"@type\":\"SearchAction\",\"target\":{\"@type\":\"EntryPoint\",\"urlTemplate\":\"https:\/\/106fm.com.br\/site\/?s={search_term_string}\"},\"query-input\":\"required name=search_term_string\"}],\"inLanguage\":\"pt-BR\"},{\"@type\":\"Organization\",\"@id\":\"https:\/\/106fm.com.br\/site\/#organization\",\"name\":\"R\u00e1dio Solidariedade 106 FM\",\"url\":\"https:\/\/106fm.com.br\/site\/\",\"logo\":{\"@type\":\"ImageObject\",\"inLanguage\":\"pt-BR\",\"@id\":\"https:\/\/106fm.com.br\/site\/#\/schema\/logo\/image\/\",\"url\":\"https:\/\/106fm.com.br\/site\/wp-content\/uploads\/2024\/06\/106FM.png\",\"contentUrl\":\"https:\/\/106fm.com.br\/site\/wp-content\/uploads\/2024\/06\/106FM.png\",\"width\":1582,\"height\":762,\"caption\":\"R\u00e1dio Solidariedade 106 FM\"},\"image\":{\"@id\":\"https:\/\/106fm.com.br\/site\/#\/schema\/logo\/image\/\"},\"sameAs\":[\"https:\/\/www.facebook.com\/106fmcaico\",\"https:\/\/www.instagram.com\/106fmcaico\"]}]}<\/script>\n<!-- \/ Yoast SEO plugin. -->","yoast_head_json":{"title":"Sobre N\u00f3s - 106 FM","robots":{"index":"index","follow":"follow","max-snippet":"max-snippet:-1","max-image-preview":"max-image-preview:large","max-video-preview":"max-video-preview:-1"},"canonical":"https:\/\/106fm.com.br\/site\/sobre-nos\/","og_locale":"pt_BR","og_type":"article","og_title":"Sobre N\u00f3s - 106 FM","og_description":"Sobre N\u00f3s Nossa Hist\u00f3ria No dia 27 de julho de 2003, iniciou-se a trajet\u00f3ria da R\u00e1dio 106 na comunica\u00e7\u00e3o seridoense. A primeira voz a ecoar nos testes foi a do locutor Dando Sales, um momento hist\u00f3rico que simbolizou o nascimento de um sonho. Desde ent\u00e3o, a 106 FM tem feito hist\u00f3ria em uma jornada dedicada [&hellip;]","og_url":"https:\/\/106fm.com.br\/site\/sobre-nos\/","og_site_name":"106 FM","article_publisher":"https:\/\/www.facebook.com\/106fmcaico","article_modified_time":"2025-04-21T18:19:23+00:00","og_image":[{"url":"https:\/\/106fm.com.br\/site\/wp-content\/uploads\/2024\/07\/WhatsApp-Image-2024-07-12-at-09.28.04-3-1536x1152.jpeg"}],"twitter_card":"summary_large_image","twitter_misc":{"Est. tempo de leitura":"3 minutos"},"schema":{"@context":"https:\/\/schema.org","@graph":[{"@type":"WebPage","@id":"https:\/\/106fm.com.br\/site\/sobre-nos\/","url":"https:\/\/106fm.com.br\/site\/sobre-nos\/","name":"Sobre N\u00f3s - 106 FM","isPartOf":{"@id":"https:\/\/106fm.com.br\/site\/#website"},"primaryImageOfPage":{"@id":"https:\/\/106fm.com.br\/site\/sobre-nos\/#primaryimage"},"image":{"@id":"https:\/\/106fm.com.br\/site\/sobre-nos\/#primaryimage"},"thumbnailUrl":"https:\/\/106fm.com.br\/site\/wp-content\/uploads\/2024\/07\/WhatsApp-Image-2024-07-12-at-09.28.04-3-1536x1152.jpeg","datePublished":"2024-06-19T12:47:57+00:00","dateModified":"2025-04-21T18:19:23+00:00","breadcrumb":{"@id":"https:\/\/106fm.com.br\/site\/sobre-nos\/#breadcrumb"},"inLanguage":"pt-BR","potentialAction":[{"@type":"ReadAction","target":["https:\/\/106fm.com.br\/site\/sobre-nos\/"]}]},{"@type":"ImageObject","inLanguage":"pt-BR","@id":"https:\/\/106fm.com.br\/site\/sobre-nos\/#primaryimage","url":"https:\/\/106fm.com.br\/site\/wp-content\/uploads\/2024\/07\/WhatsApp-Image-2024-07-12-at-09.28.04-3.jpeg","contentUrl":"https:\/\/106fm.com.br\/site\/wp-content\/uploads\/2024\/07\/WhatsApp-Image-2024-07-12-at-09.28.04-3.jpeg","width":1600,"height":1200},{"@type":"BreadcrumbList","@id":"https:\/\/106fm.com.br\/site\/sobre-nos\/#breadcrumb","itemListElement":[{"@type":"ListItem","position":1,"name":"In\u00edcio","item":"https:\/\/106fm.com.br\/site\/"},{"@type":"ListItem","position":2,"name":"Sobre N\u00f3s"}]},{"@type":"WebSite","@id":"https:\/\/106fm.com.br\/site\/#website","url":"https:\/\/106fm.com.br\/site\/","name":"106 FM","description":"A 106FM \u00e9 a voz do Serid\u00f3 desde 2003, oferecendo uma programa\u00e7\u00e3o diversificada de m\u00fasicas, not\u00edcias e entrevistas. Localizada em Citco-Ra, a r\u00e1dio promove eventos e campanhas, conectando a comunidade com credibilidade e entretenimento de qualidade. Sintonize para uma experi\u00eancia enriquecedora!","publisher":{"@id":"https:\/\/106fm.com.br\/site\/#organization"},"potentialAction":[{"@type":"SearchAction","target":{"@type":"EntryPoint","urlTemplate":"https:\/\/106fm.com.br\/site\/?s={search_term_string}"},"query-input":"required name=search_term_string"}],"inLanguage":"pt-BR"},{"@type":"Organization","@id":"https:\/\/106fm.com.br\/site\/#organization","name":"R\u00e1dio Solidariedade 106 FM","url":"https:\/\/106fm.com.br\/site\/","logo":{"@type":"ImageObject","inLanguage":"pt-BR","@id":"https:\/\/106fm.com.br\/site\/#\/schema\/logo\/image\/","url":"https:\/\/106fm.com.br\/site\/wp-content\/uploads\/2024\/06\/106FM.png","contentUrl":"https:\/\/106fm.com.br\/site\/wp-content\/uploads\/2024\/06\/106FM.png","width":1582,"height":762,"caption":"R\u00e1dio Solidariedade 106 FM"},"image":{"@id":"https:\/\/106fm.com.br\/site\/#\/schema\/logo\/image\/"},"sameAs":["https:\/\/www.facebook.com\/106fmcaico","https:\/\/www.instagram.com\/106fmcaico"]}]}},"_links":{"self":[{"href":"https:\/\/106fm.com.br\/site\/wp-json\/wp\/v2\/pages\/20","targetHints":{"allow":["GET"]}}],"collection":[{"href":"https:\/\/106fm.com.br\/site\/wp-json\/wp\/v2\/pages"}],"about":[{"href":"https:\/\/106fm.com.br\/site\/wp-json\/wp\/v2\/types\/page"}],"author":[{"embeddable":true,"href":"https:\/\/106fm.com.br\/site\/wp-json\/wp\/v2\/users\/1"}],"replies":[{"embeddable":true,"href":"https:\/\/106fm.com.br\/site\/wp-json\/wp\/v2\/comments?post=20"}],"version-history":[{"count":124,"href":"https:\/\/106fm.com.br\/site\/wp-json\/wp\/v2\/pages\/20\/revisions"}],"predecessor-version":[{"id":1041,"href":"https:\/\/106fm.com.br\/site\/wp-json\/wp\/v2\/pages\/20\/revisions\/1041"}],"wp:attachment":[{"href":"https:\/\/106fm.com.br\/site\/wp-json\/wp\/v2\/media?parent=20"}],"curies":[{"name":"wp","href":"https:\/\/api.w.org\/{rel}","templated":true}]}}