{"id":85,"date":"2024-06-19T10:43:54","date_gmt":"2024-06-19T13:43:54","guid":{"rendered":"https:\/\/106fm.com.br\/site\/?page_id=85"},"modified":"2024-06-26T11:23:05","modified_gmt":"2024-06-26T14:23:05","slug":"noticias","status":"publish","type":"page","link":"https:\/\/106fm.com.br\/site\/noticias\/","title":{"rendered":"Not\u00edcias"},"content":{"rendered":"\t\t<div data-elementor-type=\"wp-page\" data-elementor-id=\"85\" class=\"elementor elementor-85\" data-elementor-post-type=\"page\">\n\t\t\t\t<div class=\"elementor-element elementor-element-833ff30 e-flex e-con-boxed e-con e-parent\" data-id=\"833ff30\" data-element_type=\"container\" data-settings=\"{&quot;background_background&quot;:&quot;classic&quot;}\">\n\t\t\t\t\t<div class=\"e-con-inner\">\n\t\t\t\t<div class=\"elementor-element elementor-element-c83bb8b elementor-widget elementor-widget-heading\" data-id=\"c83bb8b\" data-element_type=\"widget\" data-widget_type=\"heading.default\">\n\t\t\t\t<div class=\"elementor-widget-container\">\n\t\t\t<h1 class=\"elementor-heading-title elementor-size-default\">Not\u00edcias<\/h1>\t\t<\/div>\n\t\t\t\t<\/div>\n\t\t\t\t\t<\/div>\n\t\t\t\t<\/div>\n\t\t<div class=\"elementor-element elementor-element-911808c e-flex e-con-boxed e-con e-parent\" data-id=\"911808c\" data-element_type=\"container\">\n\t\t\t\t\t<div class=\"e-con-inner\">\n\t\t\t\t<div class=\"elementor-element elementor-element-226de77 elementor-grid-3 elementor-grid-tablet-2 elementor-grid-mobile-1 elementor-posts--thumbnail-top elementor-card-shadow-yes elementor-posts__hover-gradient elementor-widget elementor-widget-posts\" data-id=\"226de77\" data-element_type=\"widget\" data-settings=\"{&quot;pagination_type&quot;:&quot;load_more_infinite_scroll&quot;,&quot;cards_columns&quot;:&quot;3&quot;,&quot;cards_columns_tablet&quot;:&quot;2&quot;,&quot;cards_columns_mobile&quot;:&quot;1&quot;,&quot;cards_row_gap&quot;:{&quot;unit&quot;:&quot;px&quot;,&quot;size&quot;:35,&quot;sizes&quot;:[]},&quot;cards_row_gap_tablet&quot;:{&quot;unit&quot;:&quot;px&quot;,&quot;size&quot;:&quot;&quot;,&quot;sizes&quot;:[]},&quot;cards_row_gap_mobile&quot;:{&quot;unit&quot;:&quot;px&quot;,&quot;size&quot;:&quot;&quot;,&quot;sizes&quot;:[]},&quot;load_more_spinner&quot;:{&quot;value&quot;:&quot;fas fa-spinner&quot;,&quot;library&quot;:&quot;fa-solid&quot;}}\" data-widget_type=\"posts.cards\">\n\t\t\t\t<div class=\"elementor-widget-container\">\n\t\t\t\t\t<div class=\"elementor-posts-container elementor-posts elementor-posts--skin-cards elementor-grid\">\n\t\t\t\t<article class=\"elementor-post elementor-grid-item post-1247 post type-post status-publish format-standard has-post-thumbnail hentry category-destaque tag-adjuto-dias\">\n\t\t\t<div class=\"elementor-post__card\">\n\t\t\t\t<a class=\"elementor-post__thumbnail__link\" href=\"https:\/\/106fm.com.br\/site\/adjuto-dias-destina-r-300-mil-a-liga-contra-o-cancer-de-caico-e-reforca-compromisso-com-a-saude-do-serido\/\" tabindex=\"-1\" ><div class=\"elementor-post__thumbnail\"><img fetchpriority=\"high\" decoding=\"async\" width=\"300\" height=\"194\" src=\"https:\/\/106fm.com.br\/site\/wp-content\/uploads\/2025\/08\/WhatsApp-Image-2025-08-05-at-11.45.54-300x194.jpeg\" class=\"attachment-medium size-medium wp-image-1248\" alt=\"\" srcset=\"https:\/\/106fm.com.br\/site\/wp-content\/uploads\/2025\/08\/WhatsApp-Image-2025-08-05-at-11.45.54-300x194.jpeg 300w, https:\/\/106fm.com.br\/site\/wp-content\/uploads\/2025\/08\/WhatsApp-Image-2025-08-05-at-11.45.54-1024x662.jpeg 1024w, https:\/\/106fm.com.br\/site\/wp-content\/uploads\/2025\/08\/WhatsApp-Image-2025-08-05-at-11.45.54-768x497.jpeg 768w, https:\/\/106fm.com.br\/site\/wp-content\/uploads\/2025\/08\/WhatsApp-Image-2025-08-05-at-11.45.54.jpeg 1200w\" sizes=\"(max-width: 300px) 100vw, 300px\" \/><\/div><\/a>\n\t\t\t\t<div class=\"elementor-post__badge\">Destaque<\/div>\n\t\t\t\t<div class=\"elementor-post__text\">\n\t\t\t\t<h2 class=\"elementor-post__title\">\n\t\t\t<a href=\"https:\/\/106fm.com.br\/site\/adjuto-dias-destina-r-300-mil-a-liga-contra-o-cancer-de-caico-e-reforca-compromisso-com-a-saude-do-serido\/\" >\n\t\t\t\tAdjuto Dias destina R$ 300 mil \u00e0 Liga Contra o C\u00e2ncer de Caic\u00f3 e refor\u00e7a compromisso com a sa\u00fade do Serid\u00f3\t\t\t<\/a>\n\t\t<\/h2>\n\t\t\t\t<div class=\"elementor-post__excerpt\">\n\t\t\t<p>O deputado estadual Adjuto Dias (MDB) anunciou, nesta sexta-feira (1\u00ba), a destina\u00e7\u00e3o de R$ 300 mil em emenda parlamentar para a Liga Contra o C\u00e2ncer de Caic\u00f3. O valor ser\u00e1<\/p>\n\t\t<\/div>\n\t\t\n\t\t<a class=\"elementor-post__read-more\" href=\"https:\/\/106fm.com.br\/site\/adjuto-dias-destina-r-300-mil-a-liga-contra-o-cancer-de-caico-e-reforca-compromisso-com-a-saude-do-serido\/\" aria-label=\"Read more about Adjuto Dias destina R$ 300 mil \u00e0 Liga Contra o C\u00e2ncer de Caic\u00f3 e refor\u00e7a compromisso com a sa\u00fade do Serid\u00f3\" tabindex=\"-1\" >\n\t\t\tLeia mais \u00bb\t\t<\/a>\n\n\t\t\t\t<\/div>\n\t\t\t\t<div class=\"elementor-post__meta-data\">\n\t\t\t\t\t<span class=\"elementor-post-date\">\n\t\t\t5 de agosto de 2025\t\t<\/span>\n\t\t\t\t<span class=\"elementor-post-avatar\">\n\t\t\tNenhum coment\u00e1rio\t\t<\/span>\n\t\t\t\t<\/div>\n\t\t\t\t\t<\/div>\n\t\t<\/article>\n\t\t\t\t<article class=\"elementor-post elementor-grid-item post-1243 post type-post status-publish format-standard has-post-thumbnail hentry category-destaque tag-assembleia-legislativa-do-rn\">\n\t\t\t<div class=\"elementor-post__card\">\n\t\t\t\t<a class=\"elementor-post__thumbnail__link\" href=\"https:\/\/106fm.com.br\/site\/assembleia-legislativa-do-rn-retoma-as-atividades-nesta-terca-feira-5\/\" tabindex=\"-1\" ><div class=\"elementor-post__thumbnail\"><img decoding=\"async\" width=\"300\" height=\"200\" src=\"https:\/\/106fm.com.br\/site\/wp-content\/uploads\/2025\/08\/20250709_3PO1_FT_EDUARDO-MAIA-1068x712-1-300x200.webp\" class=\"attachment-medium size-medium wp-image-1244\" alt=\"\" srcset=\"https:\/\/106fm.com.br\/site\/wp-content\/uploads\/2025\/08\/20250709_3PO1_FT_EDUARDO-MAIA-1068x712-1-300x200.webp 300w, https:\/\/106fm.com.br\/site\/wp-content\/uploads\/2025\/08\/20250709_3PO1_FT_EDUARDO-MAIA-1068x712-1-1024x683.webp 1024w, https:\/\/106fm.com.br\/site\/wp-content\/uploads\/2025\/08\/20250709_3PO1_FT_EDUARDO-MAIA-1068x712-1-768x512.webp 768w, https:\/\/106fm.com.br\/site\/wp-content\/uploads\/2025\/08\/20250709_3PO1_FT_EDUARDO-MAIA-1068x712-1.webp 1068w\" sizes=\"(max-width: 300px) 100vw, 300px\" \/><\/div><\/a>\n\t\t\t\t<div class=\"elementor-post__badge\">Destaque<\/div>\n\t\t\t\t<div class=\"elementor-post__text\">\n\t\t\t\t<h2 class=\"elementor-post__title\">\n\t\t\t<a href=\"https:\/\/106fm.com.br\/site\/assembleia-legislativa-do-rn-retoma-as-atividades-nesta-terca-feira-5\/\" >\n\t\t\t\tAssembleia Legislativa do RN retoma as atividades nesta ter\u00e7a-feira (5)\t\t\t<\/a>\n\t\t<\/h2>\n\t\t\t\t<div class=\"elementor-post__excerpt\">\n\t\t\t<p>Ap\u00f3s duas semanas de recesso parlamentar, a Assembleia Legislativa do Rio Grande do Norte retomou suas atividades na manh\u00e3 desta ter\u00e7a-feira (5), com reuni\u00f5es das comiss\u00f5es, sess\u00f5es solenes e audi\u00eancias<\/p>\n\t\t<\/div>\n\t\t\n\t\t<a class=\"elementor-post__read-more\" href=\"https:\/\/106fm.com.br\/site\/assembleia-legislativa-do-rn-retoma-as-atividades-nesta-terca-feira-5\/\" aria-label=\"Read more about Assembleia Legislativa do RN retoma as atividades nesta ter\u00e7a-feira (5)\" tabindex=\"-1\" >\n\t\t\tLeia mais \u00bb\t\t<\/a>\n\n\t\t\t\t<\/div>\n\t\t\t\t<div class=\"elementor-post__meta-data\">\n\t\t\t\t\t<span class=\"elementor-post-date\">\n\t\t\t5 de agosto de 2025\t\t<\/span>\n\t\t\t\t<span class=\"elementor-post-avatar\">\n\t\t\tNenhum coment\u00e1rio\t\t<\/span>\n\t\t\t\t<\/div>\n\t\t\t\t\t<\/div>\n\t\t<\/article>\n\t\t\t\t<article class=\"elementor-post elementor-grid-item post-1239 post type-post status-publish format-standard has-post-thumbnail hentry category-destaque tag-grande-natal\">\n\t\t\t<div class=\"elementor-post__card\">\n\t\t\t\t<a class=\"elementor-post__thumbnail__link\" href=\"https:\/\/106fm.com.br\/site\/dois-pitbulls-sao-mortos-a-tiros-por-policial-militar-na-grande-natal\/\" tabindex=\"-1\" ><div class=\"elementor-post__thumbnail\"><img decoding=\"async\" width=\"300\" height=\"169\" src=\"https:\/\/106fm.com.br\/site\/wp-content\/uploads\/2025\/08\/whatsapp-image-2022-05-25-at-07.28.01-1--300x169.webp\" class=\"attachment-medium size-medium wp-image-1241\" alt=\"\" srcset=\"https:\/\/106fm.com.br\/site\/wp-content\/uploads\/2025\/08\/whatsapp-image-2022-05-25-at-07.28.01-1--300x169.webp 300w, https:\/\/106fm.com.br\/site\/wp-content\/uploads\/2025\/08\/whatsapp-image-2022-05-25-at-07.28.01-1--768x432.webp 768w, https:\/\/106fm.com.br\/site\/wp-content\/uploads\/2025\/08\/whatsapp-image-2022-05-25-at-07.28.01-1-.webp 984w\" sizes=\"(max-width: 300px) 100vw, 300px\" \/><\/div><\/a>\n\t\t\t\t<div class=\"elementor-post__badge\">Destaque<\/div>\n\t\t\t\t<div class=\"elementor-post__text\">\n\t\t\t\t<h2 class=\"elementor-post__title\">\n\t\t\t<a href=\"https:\/\/106fm.com.br\/site\/dois-pitbulls-sao-mortos-a-tiros-por-policial-militar-na-grande-natal\/\" >\n\t\t\t\tDois pitbulls s\u00e3o mortos a tiros por policial militar na Grande Natal\t\t\t<\/a>\n\t\t<\/h2>\n\t\t\t\t<div class=\"elementor-post__excerpt\">\n\t\t\t<p>Dois c\u00e3es da ra\u00e7a pitbull foram mortos a tiros na tarde desta segunda-feira (4), no conjunto Cidade das Rosas, em S\u00e3o Gon\u00e7alo do Amarante, na Grande Natal. A a\u00e7\u00e3o envolveu<\/p>\n\t\t<\/div>\n\t\t\n\t\t<a class=\"elementor-post__read-more\" href=\"https:\/\/106fm.com.br\/site\/dois-pitbulls-sao-mortos-a-tiros-por-policial-militar-na-grande-natal\/\" aria-label=\"Read more about Dois pitbulls s\u00e3o mortos a tiros por policial militar na Grande Natal\" tabindex=\"-1\" >\n\t\t\tLeia mais \u00bb\t\t<\/a>\n\n\t\t\t\t<\/div>\n\t\t\t\t<div class=\"elementor-post__meta-data\">\n\t\t\t\t\t<span class=\"elementor-post-date\">\n\t\t\t5 de agosto de 2025\t\t<\/span>\n\t\t\t\t<span class=\"elementor-post-avatar\">\n\t\t\tNenhum coment\u00e1rio\t\t<\/span>\n\t\t\t\t<\/div>\n\t\t\t\t\t<\/div>\n\t\t<\/article>\n\t\t\t\t<article class=\"elementor-post elementor-grid-item post-1234 post type-post status-publish format-standard has-post-thumbnail hentry category-destaque tag-adjuto-dias\">\n\t\t\t<div class=\"elementor-post__card\">\n\t\t\t\t<a class=\"elementor-post__thumbnail__link\" href=\"https:\/\/106fm.com.br\/site\/deputado-adjuto-dias-tem-acoes-voltadas-para-a-zona-rural-de-caico\/\" tabindex=\"-1\" ><div class=\"elementor-post__thumbnail\"><img loading=\"lazy\" decoding=\"async\" width=\"300\" height=\"200\" src=\"https:\/\/106fm.com.br\/site\/wp-content\/uploads\/2025\/08\/WhatsApp-Image-2025-08-01-at-15.38.44-300x200.jpeg\" class=\"attachment-medium size-medium wp-image-1235\" alt=\"\" srcset=\"https:\/\/106fm.com.br\/site\/wp-content\/uploads\/2025\/08\/WhatsApp-Image-2025-08-01-at-15.38.44-300x200.jpeg 300w, https:\/\/106fm.com.br\/site\/wp-content\/uploads\/2025\/08\/WhatsApp-Image-2025-08-01-at-15.38.44-768x511.jpeg 768w, https:\/\/106fm.com.br\/site\/wp-content\/uploads\/2025\/08\/WhatsApp-Image-2025-08-01-at-15.38.44.jpeg 1000w\" sizes=\"(max-width: 300px) 100vw, 300px\" \/><\/div><\/a>\n\t\t\t\t<div class=\"elementor-post__badge\">Destaque<\/div>\n\t\t\t\t<div class=\"elementor-post__text\">\n\t\t\t\t<h2 class=\"elementor-post__title\">\n\t\t\t<a href=\"https:\/\/106fm.com.br\/site\/deputado-adjuto-dias-tem-acoes-voltadas-para-a-zona-rural-de-caico\/\" >\n\t\t\t\tDeputado Adjuto Dias tem a\u00e7\u00f5es voltadas para a zona rural de Caic\u00f3\t\t\t<\/a>\n\t\t<\/h2>\n\t\t\t\t<div class=\"elementor-post__excerpt\">\n\t\t\t<p>O deputado estadual Adjuto Dias (MDB) tem direcionado diversas a\u00e7\u00f5es para beneficiar a zona rural do munic\u00edpio de Caic\u00f3. Atendendo a pedidos dos agricultores, o parlamentar tem destinado recursos por<\/p>\n\t\t<\/div>\n\t\t\n\t\t<a class=\"elementor-post__read-more\" href=\"https:\/\/106fm.com.br\/site\/deputado-adjuto-dias-tem-acoes-voltadas-para-a-zona-rural-de-caico\/\" aria-label=\"Read more about Deputado Adjuto Dias tem a\u00e7\u00f5es voltadas para a zona rural de Caic\u00f3\" tabindex=\"-1\" >\n\t\t\tLeia mais \u00bb\t\t<\/a>\n\n\t\t\t\t<\/div>\n\t\t\t\t<div class=\"elementor-post__meta-data\">\n\t\t\t\t\t<span class=\"elementor-post-date\">\n\t\t\t5 de agosto de 2025\t\t<\/span>\n\t\t\t\t<span class=\"elementor-post-avatar\">\n\t\t\tNenhum coment\u00e1rio\t\t<\/span>\n\t\t\t\t<\/div>\n\t\t\t\t\t<\/div>\n\t\t<\/article>\n\t\t\t\t<article class=\"elementor-post elementor-grid-item post-1231 post type-post status-publish format-standard has-post-thumbnail hentry category-destaque tag-parnamirim\">\n\t\t\t<div class=\"elementor-post__card\">\n\t\t\t\t<a class=\"elementor-post__thumbnail__link\" href=\"https:\/\/106fm.com.br\/site\/dois-homens-sao-presos-por-trafico-de-drogas-e-estupro-de-vulneravel-em-parnamirim\/\" tabindex=\"-1\" ><div class=\"elementor-post__thumbnail\"><img loading=\"lazy\" decoding=\"async\" width=\"300\" height=\"200\" src=\"https:\/\/106fm.com.br\/site\/wp-content\/uploads\/2025\/07\/01K1DD595S5E4QV041XDTMP733-300x200.jpg\" class=\"attachment-medium size-medium wp-image-1232\" alt=\"\" srcset=\"https:\/\/106fm.com.br\/site\/wp-content\/uploads\/2025\/07\/01K1DD595S5E4QV041XDTMP733-300x200.jpg 300w, https:\/\/106fm.com.br\/site\/wp-content\/uploads\/2025\/07\/01K1DD595S5E4QV041XDTMP733-1024x683.jpg 1024w, https:\/\/106fm.com.br\/site\/wp-content\/uploads\/2025\/07\/01K1DD595S5E4QV041XDTMP733-768x512.jpg 768w, https:\/\/106fm.com.br\/site\/wp-content\/uploads\/2025\/07\/01K1DD595S5E4QV041XDTMP733.jpg 1200w\" sizes=\"(max-width: 300px) 100vw, 300px\" \/><\/div><\/a>\n\t\t\t\t<div class=\"elementor-post__badge\">Destaque<\/div>\n\t\t\t\t<div class=\"elementor-post__text\">\n\t\t\t\t<h2 class=\"elementor-post__title\">\n\t\t\t<a href=\"https:\/\/106fm.com.br\/site\/dois-homens-sao-presos-por-trafico-de-drogas-e-estupro-de-vulneravel-em-parnamirim\/\" >\n\t\t\t\tDois homens s\u00e3o presos por tr\u00e1fico de drogas e estupro de vulner\u00e1vel em Parnamirim\t\t\t<\/a>\n\t\t<\/h2>\n\t\t\t\t<div class=\"elementor-post__excerpt\">\n\t\t\t<p>Policiais civis da 17\u00aa Delegacia de Pol\u00edcia de Parnamirim cumpriram, nesta ter\u00e7a-feira (29), dois mandados de pris\u00e3o contra dois homens investigados por crimes distintos. As pris\u00f5es aconteceram nos bairros Passagem<\/p>\n\t\t<\/div>\n\t\t\n\t\t<a class=\"elementor-post__read-more\" href=\"https:\/\/106fm.com.br\/site\/dois-homens-sao-presos-por-trafico-de-drogas-e-estupro-de-vulneravel-em-parnamirim\/\" aria-label=\"Read more about Dois homens s\u00e3o presos por tr\u00e1fico de drogas e estupro de vulner\u00e1vel em Parnamirim\" tabindex=\"-1\" >\n\t\t\tLeia mais \u00bb\t\t<\/a>\n\n\t\t\t\t<\/div>\n\t\t\t\t<div class=\"elementor-post__meta-data\">\n\t\t\t\t\t<span class=\"elementor-post-date\">\n\t\t\t30 de julho de 2025\t\t<\/span>\n\t\t\t\t<span class=\"elementor-post-avatar\">\n\t\t\tNenhum coment\u00e1rio\t\t<\/span>\n\t\t\t\t<\/div>\n\t\t\t\t\t<\/div>\n\t\t<\/article>\n\t\t\t\t<article class=\"elementor-post elementor-grid-item post-1227 post type-post status-publish format-standard has-post-thumbnail hentry category-destaque tag-mega-sena\">\n\t\t\t<div class=\"elementor-post__card\">\n\t\t\t\t<a class=\"elementor-post__thumbnail__link\" href=\"https:\/\/106fm.com.br\/site\/mega-sena-acumula-e-proximo-premio-chega-a-r-76-milhoes\/\" tabindex=\"-1\" ><div class=\"elementor-post__thumbnail\"><img loading=\"lazy\" decoding=\"async\" width=\"300\" height=\"169\" src=\"https:\/\/106fm.com.br\/site\/wp-content\/uploads\/2025\/07\/Mega-Sena-1-Rodrigo-de-Oliveira-300x169.webp\" class=\"attachment-medium size-medium wp-image-1228\" alt=\"\" srcset=\"https:\/\/106fm.com.br\/site\/wp-content\/uploads\/2025\/07\/Mega-Sena-1-Rodrigo-de-Oliveira-300x169.webp 300w, https:\/\/106fm.com.br\/site\/wp-content\/uploads\/2025\/07\/Mega-Sena-1-Rodrigo-de-Oliveira-1024x576.webp 1024w, https:\/\/106fm.com.br\/site\/wp-content\/uploads\/2025\/07\/Mega-Sena-1-Rodrigo-de-Oliveira-768x432.webp 768w, https:\/\/106fm.com.br\/site\/wp-content\/uploads\/2025\/07\/Mega-Sena-1-Rodrigo-de-Oliveira.webp 1200w\" sizes=\"(max-width: 300px) 100vw, 300px\" \/><\/div><\/a>\n\t\t\t\t<div class=\"elementor-post__badge\">Destaque<\/div>\n\t\t\t\t<div class=\"elementor-post__text\">\n\t\t\t\t<h2 class=\"elementor-post__title\">\n\t\t\t<a href=\"https:\/\/106fm.com.br\/site\/mega-sena-acumula-e-proximo-premio-chega-a-r-76-milhoes\/\" >\n\t\t\t\tMega-Sena acumula e pr\u00f3ximo pr\u00eamio chega a R$ 76 milh\u00f5es\t\t\t<\/a>\n\t\t<\/h2>\n\t\t\t\t<div class=\"elementor-post__excerpt\">\n\t\t\t<p>Nenhum apostador acertou as seis dezenas do concurso 2.894 da Mega-Sena, sorteado na noite desta ter\u00e7a-feira (29), no Espa\u00e7o da Sorte, em S\u00e3o Paulo. Com isso, o pr\u00eamio principal acumulou<\/p>\n\t\t<\/div>\n\t\t\n\t\t<a class=\"elementor-post__read-more\" href=\"https:\/\/106fm.com.br\/site\/mega-sena-acumula-e-proximo-premio-chega-a-r-76-milhoes\/\" aria-label=\"Read more about Mega-Sena acumula e pr\u00f3ximo pr\u00eamio chega a R$ 76 milh\u00f5es\" tabindex=\"-1\" >\n\t\t\tLeia mais \u00bb\t\t<\/a>\n\n\t\t\t\t<\/div>\n\t\t\t\t<div class=\"elementor-post__meta-data\">\n\t\t\t\t\t<span class=\"elementor-post-date\">\n\t\t\t30 de julho de 2025\t\t<\/span>\n\t\t\t\t<span class=\"elementor-post-avatar\">\n\t\t\tNenhum coment\u00e1rio\t\t<\/span>\n\t\t\t\t<\/div>\n\t\t\t\t\t<\/div>\n\t\t<\/article>\n\t\t\t\t<\/div>\n\t\t\t\t\t<span class=\"e-load-more-spinner\">\n\t\t\t\t<svg aria-hidden=\"true\" class=\"e-font-icon-svg e-fas-spinner\" viewBox=\"0 0 512 512\" xmlns=\"http:\/\/www.w3.org\/2000\/svg\"><path d=\"M304 48c0 26.51-21.49 48-48 48s-48-21.49-48-48 21.49-48 48-48 48 21.49 48 48zm-48 368c-26.51 0-48 21.49-48 48s21.49 48 48 48 48-21.49 48-48-21.49-48-48-48zm208-208c-26.51 0-48 21.49-48 48s21.49 48 48 48 48-21.49 48-48-21.49-48-48-48zM96 256c0-26.51-21.49-48-48-48S0 229.49 0 256s21.49 48 48 48 48-21.49 48-48zm12.922 99.078c-26.51 0-48 21.49-48 48s21.49 48 48 48 48-21.49 48-48c0-26.509-21.491-48-48-48zm294.156 0c-26.51 0-48 21.49-48 48s21.49 48 48 48 48-21.49 48-48c0-26.509-21.49-48-48-48zM108.922 60.922c-26.51 0-48 21.49-48 48s21.49 48 48 48 48-21.49 48-48-21.491-48-48-48z\"><\/path><\/svg>\t\t\t<\/span>\n\t\t\n\t\t\t\t<div class=\"e-load-more-anchor\" data-page=\"1\" data-max-page=\"7\" data-next-page=\"https:\/\/106fm.com.br\/site\/wp-json\/wp\/v2\/pages\/85\/page\/2\/\"><\/div>\n\t\t\t\t<div class=\"e-load-more-message\"><\/div>\n\t\t\t\t<\/div>\n\t\t\t\t<\/div>\n\t\t\t\t\t<\/div>\n\t\t\t\t<\/div>\n\t\t\t\t<\/div>\n\t\t","protected":false},"excerpt":{"rendered":"<p>Not\u00edcias<\/p>\n","protected":false},"author":1,"featured_media":0,"parent":0,"menu_order":0,"comment_status":"closed","ping_status":"closed","template":"elementor_header_footer","meta":{"inline_featured_image":false,"footnotes":""},"class_list":["post-85","page","type-page","status-publish","hentry"],"yoast_head":"<!-- This site is optimized with the Yoast SEO plugin v23.0 - https:\/\/yoast.com\/wordpress\/plugins\/seo\/ -->\n<title>Not\u00edcias - 106 FM<\/title>\n<meta name=\"robots\" content=\"index, follow, max-snippet:-1, max-image-preview:large, max-video-preview:-1\" \/>\n<link rel=\"canonical\" href=\"https:\/\/106fm.com.br\/site\/noticias\/\" \/>\n<meta property=\"og:locale\" content=\"pt_BR\" \/>\n<meta property=\"og:type\" content=\"article\" \/>\n<meta property=\"og:title\" content=\"Not\u00edcias - 106 FM\" \/>\n<meta property=\"og:description\" content=\"Not\u00edcias\" \/>\n<meta property=\"og:url\" content=\"https:\/\/106fm.com.br\/site\/noticias\/\" \/>\n<meta property=\"og:site_name\" content=\"106 FM\" \/>\n<meta property=\"article:publisher\" content=\"https:\/\/www.facebook.com\/106fmcaico\" \/>\n<meta property=\"article:modified_time\" content=\"2024-06-26T14:23:05+00:00\" \/>\n<meta name=\"twitter:card\" content=\"summary_large_image\" \/>\n<meta name=\"twitter:label1\" content=\"Est. tempo de leitura\" \/>\n\t<meta name=\"twitter:data1\" content=\"4 minutos\" \/>\n<script type=\"application\/ld+json\" class=\"yoast-schema-graph\">{\"@context\":\"https:\/\/schema.org\",\"@graph\":[{\"@type\":\"WebPage\",\"@id\":\"https:\/\/106fm.com.br\/site\/noticias\/\",\"url\":\"https:\/\/106fm.com.br\/site\/noticias\/\",\"name\":\"Not\u00edcias - 106 FM\",\"isPartOf\":{\"@id\":\"https:\/\/106fm.com.br\/site\/#website\"},\"datePublished\":\"2024-06-19T13:43:54+00:00\",\"dateModified\":\"2024-06-26T14:23:05+00:00\",\"breadcrumb\":{\"@id\":\"https:\/\/106fm.com.br\/site\/noticias\/#breadcrumb\"},\"inLanguage\":\"pt-BR\",\"potentialAction\":[{\"@type\":\"ReadAction\",\"target\":[\"https:\/\/106fm.com.br\/site\/noticias\/\"]}]},{\"@type\":\"BreadcrumbList\",\"@id\":\"https:\/\/106fm.com.br\/site\/noticias\/#breadcrumb\",\"itemListElement\":[{\"@type\":\"ListItem\",\"position\":1,\"name\":\"In\u00edcio\",\"item\":\"https:\/\/106fm.com.br\/site\/\"},{\"@type\":\"ListItem\",\"position\":2,\"name\":\"Not\u00edcias\"}]},{\"@type\":\"WebSite\",\"@id\":\"https:\/\/106fm.com.br\/site\/#website\",\"url\":\"https:\/\/106fm.com.br\/site\/\",\"name\":\"106 FM\",\"description\":\"A 106FM \u00e9 a voz do Serid\u00f3 desde 2003, oferecendo uma programa\u00e7\u00e3o diversificada de m\u00fasicas, not\u00edcias e entrevistas. Localizada em Citco-Ra, a r\u00e1dio promove eventos e campanhas, conectando a comunidade com credibilidade e entretenimento de qualidade. Sintonize para uma experi\u00eancia enriquecedora!\",\"publisher\":{\"@id\":\"https:\/\/106fm.com.br\/site\/#organization\"},\"potentialAction\":[{\"@type\":\"SearchAction\",\"target\":{\"@type\":\"EntryPoint\",\"urlTemplate\":\"https:\/\/106fm.com.br\/site\/?s={search_term_string}\"},\"query-input\":\"required name=search_term_string\"}],\"inLanguage\":\"pt-BR\"},{\"@type\":\"Organization\",\"@id\":\"https:\/\/106fm.com.br\/site\/#organization\",\"name\":\"R\u00e1dio Solidariedade 106 FM\",\"url\":\"https:\/\/106fm.com.br\/site\/\",\"logo\":{\"@type\":\"ImageObject\",\"inLanguage\":\"pt-BR\",\"@id\":\"https:\/\/106fm.com.br\/site\/#\/schema\/logo\/image\/\",\"url\":\"https:\/\/106fm.com.br\/site\/wp-content\/uploads\/2024\/06\/106FM.png\",\"contentUrl\":\"https:\/\/106fm.com.br\/site\/wp-content\/uploads\/2024\/06\/106FM.png\",\"width\":1582,\"height\":762,\"caption\":\"R\u00e1dio Solidariedade 106 FM\"},\"image\":{\"@id\":\"https:\/\/106fm.com.br\/site\/#\/schema\/logo\/image\/\"},\"sameAs\":[\"https:\/\/www.facebook.com\/106fmcaico\",\"https:\/\/www.instagram.com\/106fmcaico\"]}]}<\/script>\n<!-- \/ Yoast SEO plugin. -->","yoast_head_json":{"title":"Not\u00edcias - 106 FM","robots":{"index":"index","follow":"follow","max-snippet":"max-snippet:-1","max-image-preview":"max-image-preview:large","max-video-preview":"max-video-preview:-1"},"canonical":"https:\/\/106fm.com.br\/site\/noticias\/","og_locale":"pt_BR","og_type":"article","og_title":"Not\u00edcias - 106 FM","og_description":"Not\u00edcias","og_url":"https:\/\/106fm.com.br\/site\/noticias\/","og_site_name":"106 FM","article_publisher":"https:\/\/www.facebook.com\/106fmcaico","article_modified_time":"2024-06-26T14:23:05+00:00","twitter_card":"summary_large_image","twitter_misc":{"Est. tempo de leitura":"4 minutos"},"schema":{"@context":"https:\/\/schema.org","@graph":[{"@type":"WebPage","@id":"https:\/\/106fm.com.br\/site\/noticias\/","url":"https:\/\/106fm.com.br\/site\/noticias\/","name":"Not\u00edcias - 106 FM","isPartOf":{"@id":"https:\/\/106fm.com.br\/site\/#website"},"datePublished":"2024-06-19T13:43:54+00:00","dateModified":"2024-06-26T14:23:05+00:00","breadcrumb":{"@id":"https:\/\/106fm.com.br\/site\/noticias\/#breadcrumb"},"inLanguage":"pt-BR","potentialAction":[{"@type":"ReadAction","target":["https:\/\/106fm.com.br\/site\/noticias\/"]}]},{"@type":"BreadcrumbList","@id":"https:\/\/106fm.com.br\/site\/noticias\/#breadcrumb","itemListElement":[{"@type":"ListItem","position":1,"name":"In\u00edcio","item":"https:\/\/106fm.com.br\/site\/"},{"@type":"ListItem","position":2,"name":"Not\u00edcias"}]},{"@type":"WebSite","@id":"https:\/\/106fm.com.br\/site\/#website","url":"https:\/\/106fm.com.br\/site\/","name":"106 FM","description":"A 106FM \u00e9 a voz do Serid\u00f3 desde 2003, oferecendo uma programa\u00e7\u00e3o diversificada de m\u00fasicas, not\u00edcias e entrevistas. Localizada em Citco-Ra, a r\u00e1dio promove eventos e campanhas, conectando a comunidade com credibilidade e entretenimento de qualidade. Sintonize para uma experi\u00eancia enriquecedora!","publisher":{"@id":"https:\/\/106fm.com.br\/site\/#organization"},"potentialAction":[{"@type":"SearchAction","target":{"@type":"EntryPoint","urlTemplate":"https:\/\/106fm.com.br\/site\/?s={search_term_string}"},"query-input":"required name=search_term_string"}],"inLanguage":"pt-BR"},{"@type":"Organization","@id":"https:\/\/106fm.com.br\/site\/#organization","name":"R\u00e1dio Solidariedade 106 FM","url":"https:\/\/106fm.com.br\/site\/","logo":{"@type":"ImageObject","inLanguage":"pt-BR","@id":"https:\/\/106fm.com.br\/site\/#\/schema\/logo\/image\/","url":"https:\/\/106fm.com.br\/site\/wp-content\/uploads\/2024\/06\/106FM.png","contentUrl":"https:\/\/106fm.com.br\/site\/wp-content\/uploads\/2024\/06\/106FM.png","width":1582,"height":762,"caption":"R\u00e1dio Solidariedade 106 FM"},"image":{"@id":"https:\/\/106fm.com.br\/site\/#\/schema\/logo\/image\/"},"sameAs":["https:\/\/www.facebook.com\/106fmcaico","https:\/\/www.instagram.com\/106fmcaico"]}]}},"_links":{"self":[{"href":"https:\/\/106fm.com.br\/site\/wp-json\/wp\/v2\/pages\/85","targetHints":{"allow":["GET"]}}],"collection":[{"href":"https:\/\/106fm.com.br\/site\/wp-json\/wp\/v2\/pages"}],"about":[{"href":"https:\/\/106fm.com.br\/site\/wp-json\/wp\/v2\/types\/page"}],"author":[{"embeddable":true,"href":"https:\/\/106fm.com.br\/site\/wp-json\/wp\/v2\/users\/1"}],"replies":[{"embeddable":true,"href":"https:\/\/106fm.com.br\/site\/wp-json\/wp\/v2\/comments?post=85"}],"version-history":[{"count":55,"href":"https:\/\/106fm.com.br\/site\/wp-json\/wp\/v2\/pages\/85\/revisions"}],"predecessor-version":[{"id":899,"href":"https:\/\/106fm.com.br\/site\/wp-json\/wp\/v2\/pages\/85\/revisions\/899"}],"wp:attachment":[{"href":"https:\/\/106fm.com.br\/site\/wp-json\/wp\/v2\/media?parent=85"}],"curies":[{"name":"wp","href":"https:\/\/api.w.org\/{rel}","templated":true}]}}